{"id":10190,"date":"2022-04-11T10:35:05","date_gmt":"2022-04-11T09:35:05","guid":{"rendered":"https:\/\/www.weissappetito.com\/?page_id=10190"},"modified":"2025-06-16T09:36:12","modified_gmt":"2025-06-16T08:36:12","slug":"arbeiten-bei-weissappetito","status":"publish","type":"page","link":"https:\/\/www.weissappetito.com\/fr\/karriere\/arbeiten-bei-weiss-appetito\/","title":{"rendered":"Travailler chez Weiss+Appetito"},"content":{"rendered":"<div data-elementor-type=\"wp-page\" data-elementor-id=\"10190\" class=\"elementor elementor-10190\" data-elementor-post-type=\"page\">\n\t\t\t\t\t\t<section data-dce-background-image-url=\"https:\/\/www.weissappetito.com\/wp-content\/uploads\/2022\/04\/Mitarbeiter-WeissAppetito_cropd.jpg\" class=\"elementor-section elementor-top-section elementor-element elementor-element-e97010d elementor-section-height-min-height videobg elementor-section-boxed elementor-section-height-default elementor-section-items-middle\" data-id=\"e97010d\" data-element_type=\"section\" data-e-type=\"section\" data-settings=\"{&quot;background_background&quot;:&quot;classic&quot;}\">\n\t\t\t\t\t\t\t<div class=\"elementor-background-overlay\"><\/div>\n\t\t\t\t\t\t\t<div class=\"elementor-container elementor-column-gap-default\">\n\t\t\t\t\t<div class=\"elementor-column elementor-col-50 elementor-top-column elementor-element elementor-element-cc70901 height100\" data-id=\"cc70901\" data-element_type=\"column\" data-e-type=\"column\">\n\t\t\t<div class=\"elementor-widget-wrap elementor-element-populated\">\n\t\t\t\t\t\t<div data-dce-text-color=\"#FFFFFF\" class=\"elementor-element elementor-element-33ea2e7 elementor-widget elementor-widget-breadcrumbs\" data-id=\"33ea2e7\" data-element_type=\"widget\" data-e-type=\"widget\" data-widget_type=\"breadcrumbs.default\">\n\t\t\t\t<div class=\"elementor-widget-container\">\n\t\t\t\t\t<nav aria-label=\"breadcrumbs\" class=\"rank-math-breadcrumb\"><p><span class=\"last\">Page d'accueil<\/span><\/p><\/nav>\t\t\t\t<\/div>\n\t\t\t\t<\/div>\n\t\t\t\t\t<\/div>\n\t\t<\/div>\n\t\t\t\t<div class=\"elementor-column elementor-col-50 elementor-top-column elementor-element elementor-element-f3d615f\" data-id=\"f3d615f\" data-element_type=\"column\" data-e-type=\"column\">\n\t\t\t<div class=\"elementor-widget-wrap\">\n\t\t\t\t\t\t\t<\/div>\n\t\t<\/div>\n\t\t\t\t\t<\/div>\n\t\t<\/section>\n\t\t\t\t<section class=\"elementor-section elementor-top-section elementor-element elementor-element-0bc3bf0 elementor-section-boxed elementor-section-height-default elementor-section-height-default\" data-id=\"0bc3bf0\" data-element_type=\"section\" data-e-type=\"section\" data-settings=\"{&quot;background_background&quot;:&quot;classic&quot;}\">\n\t\t\t\t\t\t<div class=\"elementor-container elementor-column-gap-default\">\n\t\t\t\t\t<div data-dce-background-color=\"#FFFFFF\" class=\"elementor-column elementor-col-100 elementor-top-column elementor-element elementor-element-5370c57\" data-id=\"5370c57\" data-element_type=\"column\" data-e-type=\"column\" data-settings=\"{&quot;background_background&quot;:&quot;classic&quot;}\">\n\t\t\t<div class=\"elementor-widget-wrap elementor-element-populated\">\n\t\t\t\t\t\t<section data-dce-background-color=\"#FFFFFF\" class=\"elementor-section elementor-inner-section elementor-element elementor-element-9c29a6b elementor-section-full_width elementor-section-height-default elementor-section-height-default\" data-id=\"9c29a6b\" data-element_type=\"section\" data-e-type=\"section\" data-settings=\"{&quot;background_background&quot;:&quot;classic&quot;}\">\n\t\t\t\t\t\t<div class=\"elementor-container elementor-column-gap-wider\">\n\t\t\t\t\t<div class=\"elementor-column elementor-col-100 elementor-inner-column elementor-element elementor-element-ad841a1\" data-id=\"ad841a1\" data-element_type=\"column\" data-e-type=\"column\">\n\t\t\t<div class=\"elementor-widget-wrap elementor-element-populated\">\n\t\t\t\t\t\t<div class=\"elementor-element elementor-element-91b6b38 elementor-widget elementor-widget-heading\" data-id=\"91b6b38\" data-element_type=\"widget\" data-e-type=\"widget\" data-widget_type=\"heading.default\">\n\t\t\t\t<div class=\"elementor-widget-container\">\n\t\t\t\t\t<h1 class=\"elementor-heading-title elementor-size-default\">Travailler chez Weiss+Appetito<\/h1>\t\t\t\t<\/div>\n\t\t\t\t<\/div>\n\t\t\t\t<div class=\"elementor-element elementor-element-5a1d69a elementor-widget elementor-widget-video\" data-id=\"5a1d69a\" data-element_type=\"widget\" data-e-type=\"widget\" data-settings=\"{&quot;video_type&quot;:&quot;hosted&quot;,&quot;controls&quot;:&quot;yes&quot;}\" data-widget_type=\"video.default\">\n\t\t\t\t<div class=\"elementor-widget-container\">\n\t\t\t\t\t\t\t<div class=\"e-hosted-video elementor-wrapper elementor-open-inline\">\n\t\t\t\t\t<video class=\"elementor-video\" src=\"https:\/\/www.weissappetito.com\/wp-content\/uploads\/2022\/08\/Mai22_LowBitrate.mp4\" controls=\"\" preload=\"metadata\" controlslist=\"nodownload\"><\/video>\n\t\t\t\t<\/div>\n\t\t\t\t\t\t<\/div>\n\t\t\t\t<\/div>\n\t\t\t\t<div data-dce-text-color=\"#000000\" class=\"elementor-element elementor-element-45db14c elementor-widget elementor-widget-text-editor\" data-id=\"45db14c\" data-element_type=\"widget\" data-e-type=\"widget\" data-widget_type=\"text-editor.default\">\n\t\t\t\t<div class=\"elementor-widget-container\">\n\t\t\t\t\t\t\t\t\t<div id=\"c420\"><div class=\"ce-textpic ce-right ce-intext\"><div class=\"ce-bodytext\"><div id=\"c427\"><div class=\"ce-textpic ce-right ce-intext\"><div class=\"ce-bodytext\"><div id=\"c427\"><div class=\"ce-textpic ce-right ce-intext\"><div class=\"ce-bodytext\"><div><p>Comme vous le voyez, nous sommes polyvalents. Alors que d'autres entreprises ne sont actives que dans un seul secteur, nous couvrons avec succ\u00e8s cinq secteurs diff\u00e9rents. Construction (Assainissements de b\u00e2timents, Sols+Rev\u00eatements), G\u00e9nie des conduites, Aspiration+Projection, Centre technique et T\u00e9l\u00e9communications. \u00c0 l'instar d'un magasin de produits coloniaux o\u00f9 l'on peut trouver toutes sortes de choses passionnantes ou d'une place de march\u00e9 o\u00f9 les parfums des sp\u00e9cialit\u00e9s les plus diverses nous enivrent, notre entreprise industrielle prend en charge des projets de diverses natures et les m\u00e8ne \u00e0 bien de mani\u00e8re rentable. Et cela depuis 100 ans. Vous souhaitez vous impliquer activement et vous immerger dans le monde vari\u00e9 de Weiss+Appetito, vous \u00eates imaginatif, enthousiaste et pragmatique, alors faisons connaissance aujourd'hui plut\u00f4t que demain.<\/p><\/div><\/div><\/div><\/div><\/div><\/div><\/div><\/div><\/div><\/div>\t\t\t\t\t\t\t\t<\/div>\n\t\t\t\t<\/div>\n\t\t\t\t\t<\/div>\n\t\t<\/div>\n\t\t\t\t\t<\/div>\n\t\t<\/section>\n\t\t\t\t\t<\/div>\n\t\t<\/div>\n\t\t\t\t\t<\/div>\n\t\t<\/section>\n\t\t\t\t<section class=\"elementor-section elementor-top-section elementor-element elementor-element-6266fbb elementor-section-boxed elementor-section-height-default elementor-section-height-default\" data-id=\"6266fbb\" data-element_type=\"section\" data-e-type=\"section\">\n\t\t\t\t\t\t<div class=\"elementor-container elementor-column-gap-default\">\n\t\t\t\t\t<div class=\"elementor-column elementor-col-100 elementor-top-column elementor-element elementor-element-a78345e\" data-id=\"a78345e\" data-element_type=\"column\" data-e-type=\"column\">\n\t\t\t<div class=\"elementor-widget-wrap elementor-element-populated\">\n\t\t\t\t\t\t<div class=\"elementor-element elementor-element-7c9b936 elementor-widget elementor-widget-spacer\" data-id=\"7c9b936\" data-element_type=\"widget\" data-e-type=\"widget\" data-widget_type=\"spacer.default\">\n\t\t\t\t<div class=\"elementor-widget-container\">\n\t\t\t\t\t\t\t<div class=\"elementor-spacer\">\n\t\t\t<div class=\"elementor-spacer-inner\"><\/div>\n\t\t<\/div>\n\t\t\t\t\t\t<\/div>\n\t\t\t\t<\/div>\n\t\t\t\t\t<\/div>\n\t\t<\/div>\n\t\t\t\t\t<\/div>\n\t\t<\/section>\n\t\t\t\t<\/div>","protected":false},"excerpt":{"rendered":"<p>Arbeiten bei Weiss+Appetito https:\/\/www.weissappetito.com\/wp-content\/uploads\/2022\/08\/Mai22_LowBitrate.mp4 Du siehst, wir sind vielseitig unterwegs. W\u00e4hrend andere Unternehmen in einer Sparte t\u00e4tig sind, arbeiten wir erfolgreich in f\u00fcnf verschiedenen. Bau (Bausanierungen, B\u00f6den+Bel\u00e4ge), Rohrleitungsbau, Saugen+Blasen, Technik-Center und Telekom. \u00c4hnlich einem Kolonialwarengesch\u00e4ft, wo man vielerlei spannende Sachen finden kann oder wie auf einem Marktplatz, wo uns die D\u00fcfte der verschiedensten Gen\u00fcsslichkeiten umgarnen, [&hellip;]<\/p>\n","protected":false},"author":1,"featured_media":8510,"parent":0,"menu_order":0,"comment_status":"closed","ping_status":"open","template":"","meta":{"_acf_changed":false,"footnotes":""},"class_list":["post-10190","page","type-page","status-publish","has-post-thumbnail","hentry"],"acf":[],"_links":{"self":[{"href":"https:\/\/www.weissappetito.com\/fr\/wp-json\/wp\/v2\/pages\/10190","targetHints":{"allow":["GET"]}}],"collection":[{"href":"https:\/\/www.weissappetito.com\/fr\/wp-json\/wp\/v2\/pages"}],"about":[{"href":"https:\/\/www.weissappetito.com\/fr\/wp-json\/wp\/v2\/types\/page"}],"author":[{"embeddable":true,"href":"https:\/\/www.weissappetito.com\/fr\/wp-json\/wp\/v2\/users\/1"}],"replies":[{"embeddable":true,"href":"https:\/\/www.weissappetito.com\/fr\/wp-json\/wp\/v2\/comments?post=10190"}],"version-history":[{"count":0,"href":"https:\/\/www.weissappetito.com\/fr\/wp-json\/wp\/v2\/pages\/10190\/revisions"}],"wp:featuredmedia":[{"embeddable":true,"href":"https:\/\/www.weissappetito.com\/fr\/wp-json\/wp\/v2\/media\/8510"}],"wp:attachment":[{"href":"https:\/\/www.weissappetito.com\/fr\/wp-json\/wp\/v2\/media?parent=10190"}],"curies":[{"name":"wp","href":"https:\/\/api.w.org\/{rel}","templated":true}]}}