{"id":10638,"date":"2022-04-13T10:59:20","date_gmt":"2022-04-13T09:59:20","guid":{"rendered":"https:\/\/www.weissappetito.com\/?page_id=10638"},"modified":"2025-10-07T12:05:56","modified_gmt":"2025-10-07T11:05:56","slug":"vision","status":"publish","type":"page","link":"https:\/\/www.weissappetito.com\/fr\/ueber-uns\/vision\/","title":{"rendered":"Vision"},"content":{"rendered":"<div data-elementor-type=\"wp-page\" data-elementor-id=\"10638\" class=\"elementor elementor-10638\" data-elementor-post-type=\"page\">\n\t\t\t\t\t\t<section data-dce-background-image-url=\"https:\/\/www.weissappetito.com\/wp-content\/uploads\/2022\/04\/PXL_20220413_121448111.MP_-scaled.jpg\" class=\"elementor-section elementor-top-section elementor-element elementor-element-e97010d elementor-section-height-min-height elementor-section-boxed elementor-section-height-default elementor-section-items-middle\" data-id=\"e97010d\" data-element_type=\"section\" data-e-type=\"section\" data-settings=\"{&quot;background_background&quot;:&quot;classic&quot;}\">\n\t\t\t\t\t\t<div class=\"elementor-container elementor-column-gap-default\">\n\t\t\t\t\t<div class=\"elementor-column elementor-col-50 elementor-top-column elementor-element elementor-element-cc70901 height100\" data-id=\"cc70901\" data-element_type=\"column\" data-e-type=\"column\">\n\t\t\t<div class=\"elementor-widget-wrap elementor-element-populated\">\n\t\t\t\t\t\t<div data-dce-text-color=\"#FFFFFF\" class=\"elementor-element elementor-element-33ea2e7 elementor-widget elementor-widget-breadcrumbs\" data-id=\"33ea2e7\" data-element_type=\"widget\" data-e-type=\"widget\" data-widget_type=\"breadcrumbs.default\">\n\t\t\t\t<div class=\"elementor-widget-container\">\n\t\t\t\t\t<nav aria-label=\"breadcrumbs\" class=\"rank-math-breadcrumb\"><p><span class=\"last\">Page d'accueil<\/span><\/p><\/nav>\t\t\t\t<\/div>\n\t\t\t\t<\/div>\n\t\t\t\t\t<\/div>\n\t\t<\/div>\n\t\t\t\t<div class=\"elementor-column elementor-col-50 elementor-top-column elementor-element elementor-element-f3d615f\" data-id=\"f3d615f\" data-element_type=\"column\" data-e-type=\"column\">\n\t\t\t<div class=\"elementor-widget-wrap\">\n\t\t\t\t\t\t\t<\/div>\n\t\t<\/div>\n\t\t\t\t\t<\/div>\n\t\t<\/section>\n\t\t\t\t<section class=\"elementor-section elementor-top-section elementor-element elementor-element-0bc3bf0 elementor-section-boxed elementor-section-height-default elementor-section-height-default\" data-id=\"0bc3bf0\" data-element_type=\"section\" data-e-type=\"section\" data-settings=\"{&quot;background_background&quot;:&quot;classic&quot;}\">\n\t\t\t\t\t\t<div class=\"elementor-container elementor-column-gap-default\">\n\t\t\t\t\t<div data-dce-background-color=\"#FFFFFF\" class=\"elementor-column elementor-col-100 elementor-top-column elementor-element elementor-element-5370c57\" data-id=\"5370c57\" data-element_type=\"column\" data-e-type=\"column\" data-settings=\"{&quot;background_background&quot;:&quot;classic&quot;}\">\n\t\t\t<div class=\"elementor-widget-wrap elementor-element-populated\">\n\t\t\t\t\t\t<section data-dce-background-color=\"#FFFFFF\" class=\"elementor-section elementor-inner-section elementor-element elementor-element-9c29a6b elementor-section-full_width elementor-section-height-default elementor-section-height-default\" data-id=\"9c29a6b\" data-element_type=\"section\" data-e-type=\"section\" data-settings=\"{&quot;background_background&quot;:&quot;classic&quot;}\">\n\t\t\t\t\t\t<div class=\"elementor-container elementor-column-gap-wider\">\n\t\t\t\t\t<div class=\"elementor-column elementor-col-100 elementor-inner-column elementor-element elementor-element-ad841a1\" data-id=\"ad841a1\" data-element_type=\"column\" data-e-type=\"column\">\n\t\t\t<div class=\"elementor-widget-wrap elementor-element-populated\">\n\t\t\t\t\t\t<div class=\"elementor-element elementor-element-454de21 elementor-widget elementor-widget-heading\" data-id=\"454de21\" data-element_type=\"widget\" data-e-type=\"widget\" data-widget_type=\"heading.default\">\n\t\t\t\t<div class=\"elementor-widget-container\">\n\t\t\t\t\t<h1 class=\"elementor-heading-title elementor-size-default\">Vision<\/h1>\t\t\t\t<\/div>\n\t\t\t\t<\/div>\n\t\t\t\t<div data-dce-text-color=\"#000000\" class=\"elementor-element elementor-element-f999b95 elementor-widget elementor-widget-text-editor\" data-id=\"f999b95\" data-element_type=\"widget\" data-e-type=\"widget\" data-widget_type=\"text-editor.default\">\n\t\t\t\t<div class=\"elementor-widget-container\">\n\t\t\t\t\t\t\t\t\t<p>Nous sommes un groupe d\u2019entreprises qui op\u00e8re dans le secteur de la construction et des prestations de service associ\u00e9es. Depuis 1923, nous ajoutons de nouveaux chapitres \u00e0 notre success story qui repose essentiellement sur des standards \u00e9lev\u00e9s, des valeurs ajout\u00e9es convaincantes ainsi que sur des collaboratrices et des collaborateurs passionn\u00e9s.<\/p>\t\t\t\t\t\t\t\t<\/div>\n\t\t\t\t<\/div>\n\t\t\t\t\t<\/div>\n\t\t<\/div>\n\t\t\t\t\t<\/div>\n\t\t<\/section>\n\t\t\t\t<section class=\"elementor-section elementor-inner-section elementor-element elementor-element-33ec413 elementor-section-boxed elementor-section-height-default elementor-section-height-default\" data-id=\"33ec413\" data-element_type=\"section\" data-e-type=\"section\">\n\t\t\t\t\t\t<div class=\"elementor-container elementor-column-gap-no\">\n\t\t\t\t\t<div class=\"elementor-column elementor-col-33 elementor-inner-column elementor-element elementor-element-876c685\" data-id=\"876c685\" data-element_type=\"column\" data-e-type=\"column\" data-settings=\"{&quot;background_background&quot;:&quot;classic&quot;}\">\n\t\t\t<div class=\"elementor-widget-wrap elementor-element-populated\">\n\t\t\t\t\t\t<div data-dce-title-color=\"#FFD401\" class=\"elementor-element elementor-element-4341fb8 elementor-widget elementor-widget-heading\" data-id=\"4341fb8\" data-element_type=\"widget\" data-e-type=\"widget\" data-widget_type=\"heading.default\">\n\t\t\t\t<div class=\"elementor-widget-container\">\n\t\t\t\t\t<h2 class=\"elementor-heading-title elementor-size-default\">Standards<\/h2>\t\t\t\t<\/div>\n\t\t\t\t<\/div>\n\t\t\t\t<div data-dce-text-color=\"#FFFFFF\" class=\"elementor-element elementor-element-238939b elementor-widget elementor-widget-text-editor\" data-id=\"238939b\" data-element_type=\"widget\" data-e-type=\"widget\" data-widget_type=\"text-editor.default\">\n\t\t\t\t<div class=\"elementor-widget-container\">\n\t\t\t\t\t\t\t\t\t<h5><strong>Nous avons un champ d\u2019activit\u00e9s tr\u00e8s large<\/strong><\/h5><p>Nous d\u00e9veloppons pour nos clients des solutions adapt\u00e9es, fiables et \u00e9conomiques Afin de r\u00e9pondre aux standards \u00e9lev\u00e9s de nos clients exigeants, nous nous sommes sp\u00e9cialis\u00e9s sur les secteurs \u00e0 forte croissance suivants :<\/p><ul><li>Assainissements<\/li><li>Sols+Rev\u00eatements<\/li><li>Energie+R\u00e9novations<\/li><li>Josef Muff : G\u00e9nie de conduites<\/li><li>Aspiration+Projection<\/li><li>Centre technique<\/li><li>T\u00e9l\u00e9com<\/li><\/ul>\t\t\t\t\t\t\t\t<\/div>\n\t\t\t\t<\/div>\n\t\t\t\t\t<\/div>\n\t\t<\/div>\n\t\t\t\t<div class=\"elementor-column elementor-col-33 elementor-inner-column elementor-element elementor-element-ca688fe\" data-id=\"ca688fe\" data-element_type=\"column\" data-e-type=\"column\" data-settings=\"{&quot;background_background&quot;:&quot;classic&quot;}\">\n\t\t\t<div class=\"elementor-widget-wrap elementor-element-populated\">\n\t\t\t\t\t\t<div data-dce-title-color=\"#FFD401\" class=\"elementor-element elementor-element-9581088 elementor-widget elementor-widget-heading\" data-id=\"9581088\" data-element_type=\"widget\" data-e-type=\"widget\" data-widget_type=\"heading.default\">\n\t\t\t\t<div class=\"elementor-widget-container\">\n\t\t\t\t\t<h2 class=\"elementor-heading-title elementor-size-default\">Valeurs ajout\u00e9es<\/h2>\t\t\t\t<\/div>\n\t\t\t\t<\/div>\n\t\t\t\t<div data-dce-text-color=\"#FFFFFF\" class=\"elementor-element elementor-element-283f8ae elementor-widget elementor-widget-text-editor\" data-id=\"283f8ae\" data-element_type=\"widget\" data-e-type=\"widget\" data-widget_type=\"text-editor.default\">\n\t\t\t\t<div class=\"elementor-widget-container\">\n\t\t\t\t\t\t\t\t\t<h5><strong>Nous pr\u00e9sentons des solutions<\/strong><\/h5><div id=\"c28\" class=\"csc-default layout-102 floatgroup_1\"><div id=\"c28\"><div class=\"ce-textpic ce-right ce-intext\"><div class=\"ce-bodytext\"><p>Nos principaux c\u0153urs de comp\u00e9tence sont le conseil, le d\u00e9veloppement et la mise en \u0153uvre de solutions compl\u00e8tes. Nous cr\u00e9ons de la valeur ajout\u00e9e pour nos clients, nos collaborateurs et pour l\u2019environnement. Les marques du groupe repr\u00e9sentent l\u2019innovation, la fiabilit\u00e9 et la durabilit\u00e9 Nous voulons \u00eatre leader sur nos segments de march\u00e9s d\u00e9finis.<\/p><\/div><\/div><\/div><\/div>\t\t\t\t\t\t\t\t<\/div>\n\t\t\t\t<\/div>\n\t\t\t\t\t<\/div>\n\t\t<\/div>\n\t\t\t\t<div class=\"elementor-column elementor-col-33 elementor-inner-column elementor-element elementor-element-e4596ff\" data-id=\"e4596ff\" data-element_type=\"column\" data-e-type=\"column\" data-settings=\"{&quot;background_background&quot;:&quot;classic&quot;}\">\n\t\t\t<div class=\"elementor-widget-wrap elementor-element-populated\">\n\t\t\t\t\t\t<div data-dce-title-color=\"#FFD401\" class=\"elementor-element elementor-element-99adc69 elementor-widget elementor-widget-heading\" data-id=\"99adc69\" data-element_type=\"widget\" data-e-type=\"widget\" data-widget_type=\"heading.default\">\n\t\t\t\t<div class=\"elementor-widget-container\">\n\t\t\t\t\t<h2 class=\"elementor-heading-title elementor-size-default\">Les hommes et les femmes<\/h2>\t\t\t\t<\/div>\n\t\t\t\t<\/div>\n\t\t\t\t<div data-dce-text-color=\"#FFFFFF\" class=\"elementor-element elementor-element-10032ad elementor-widget elementor-widget-text-editor\" data-id=\"10032ad\" data-element_type=\"widget\" data-e-type=\"widget\" data-widget_type=\"text-editor.default\">\n\t\t\t\t<div class=\"elementor-widget-container\">\n\t\t\t\t\t\t\t\t\t<h5><strong>Nous garantissons de la qualit\u00e9<\/strong><\/h5><div class=\"isfloatgroup levelLine\"><div id=\"c29\" class=\"csc-default layout-102 floatgroup_1 third\"><div id=\"c29\"><div class=\"ce-textpic ce-right ce-intext\"><div class=\"ce-bodytext\"><p>Nous employons environ 600 personnes en Suisse et \u00e0 l\u2019\u00e9tranger. La majorit\u00e9 des actions du groupe Weiss+Appetito sont d\u00e9tenues par les cadres directeurs et les employ\u00e9s. Nos entreprises dans les diff\u00e9rents secteurs d\u2019activit\u00e9s travaillent avec beaucoup d\u2019autonomie et garantissent une r\u00e9alisation conforme aux d\u00e9lais et techniquement parfaite.<\/p><\/div><\/div><\/div><\/div><\/div>\t\t\t\t\t\t\t\t<\/div>\n\t\t\t\t<\/div>\n\t\t\t\t\t<\/div>\n\t\t<\/div>\n\t\t\t\t\t<\/div>\n\t\t<\/section>\n\t\t\t\t<div class=\"elementor-element elementor-element-8e96a63 elementor-widget elementor-widget-spacer\" data-id=\"8e96a63\" data-element_type=\"widget\" data-e-type=\"widget\" data-widget_type=\"spacer.default\">\n\t\t\t\t<div class=\"elementor-widget-container\">\n\t\t\t\t\t\t\t<div class=\"elementor-spacer\">\n\t\t\t<div class=\"elementor-spacer-inner\"><\/div>\n\t\t<\/div>\n\t\t\t\t\t\t<\/div>\n\t\t\t\t<\/div>\n\t\t\t\t<div data-dce-text-color=\"#000000\" class=\"elementor-element elementor-element-a42aade elementor-widget elementor-widget-text-editor\" data-id=\"a42aade\" data-element_type=\"widget\" data-e-type=\"widget\" data-widget_type=\"text-editor.default\">\n\t\t\t\t<div class=\"elementor-widget-container\">\n\t\t\t\t\t\t\t\t\t<p>Nous remplissons notre mission d'entrepreneur avec passion. Au d\u00e9but de chaque projet, c'est l'enthousiasme. Et c'est \u00e9galement l\u00e0-dessus que repose notre vision. \u00a0<\/p>\t\t\t\t\t\t\t\t<\/div>\n\t\t\t\t<\/div>\n\t\t\t\t<div class=\"elementor-element elementor-element-1ccfbb4 elementor-widget elementor-widget-spacer\" data-id=\"1ccfbb4\" data-element_type=\"widget\" data-e-type=\"widget\" data-widget_type=\"spacer.default\">\n\t\t\t\t<div class=\"elementor-widget-container\">\n\t\t\t\t\t\t\t<div class=\"elementor-spacer\">\n\t\t\t<div class=\"elementor-spacer-inner\"><\/div>\n\t\t<\/div>\n\t\t\t\t\t\t<\/div>\n\t\t\t\t<\/div>\n\t\t\t\t<div class=\"elementor-element elementor-element-525bda6 elementor-widget elementor-widget-image\" data-id=\"525bda6\" data-element_type=\"widget\" data-e-type=\"widget\" data-widget_type=\"image.default\">\n\t\t\t\t<div class=\"elementor-widget-container\">\n\t\t\t\t\t\t\t\t\t\t\t\t\t\t\t<img fetchpriority=\"high\" decoding=\"async\" width=\"699\" height=\"700\" src=\"https:\/\/www.weissappetito.com\/wp-content\/uploads\/2022\/05\/Leitbild_W_A_fr.png\" class=\"attachment-1536x1536 size-1536x1536 wp-image-11891\" alt=\"\" srcset=\"https:\/\/www.weissappetito.com\/wp-content\/uploads\/2022\/05\/Leitbild_W_A_fr.png 699w, https:\/\/www.weissappetito.com\/wp-content\/uploads\/2022\/05\/Leitbild_W_A_fr-300x270.png 300w, https:\/\/www.weissappetito.com\/wp-content\/uploads\/2022\/05\/Leitbild_W_A_fr-600x540.png 600w, https:\/\/www.weissappetito.com\/wp-content\/uploads\/2022\/05\/Leitbild_W_A_fr-13x12.png 13w\" sizes=\"(max-width: 699px) 100vw, 699px\" \/>\t\t\t\t\t\t\t\t\t\t\t\t\t\t\t<\/div>\n\t\t\t\t<\/div>\n\t\t\t\t<div class=\"elementor-element elementor-element-8e43c23 elementor-widget elementor-widget-spacer\" data-id=\"8e43c23\" data-element_type=\"widget\" data-e-type=\"widget\" data-widget_type=\"spacer.default\">\n\t\t\t\t<div class=\"elementor-widget-container\">\n\t\t\t\t\t\t\t<div class=\"elementor-spacer\">\n\t\t\t<div class=\"elementor-spacer-inner\"><\/div>\n\t\t<\/div>\n\t\t\t\t\t\t<\/div>\n\t\t\t\t<\/div>\n\t\t\t\t\t<\/div>\n\t\t<\/div>\n\t\t\t\t\t<\/div>\n\t\t<\/section>\n\t\t\t\t<section class=\"elementor-section elementor-top-section elementor-element elementor-element-218f7c1 elementor-section-boxed elementor-section-height-default elementor-section-height-default\" data-id=\"218f7c1\" data-element_type=\"section\" data-e-type=\"section\" id=\"angebot\">\n\t\t\t\t\t\t<div class=\"elementor-container elementor-column-gap-default\">\n\t\t\t\t\t<div class=\"elementor-column elementor-col-100 elementor-top-column elementor-element elementor-element-644355c\" data-id=\"644355c\" data-element_type=\"column\" data-e-type=\"column\">\n\t\t\t<div class=\"elementor-widget-wrap elementor-element-populated\">\n\t\t\t\t\t\t<div class=\"elementor-element elementor-element-015a2e8 elementor-widget elementor-widget-spacer\" data-id=\"015a2e8\" data-element_type=\"widget\" data-e-type=\"widget\" data-widget_type=\"spacer.default\">\n\t\t\t\t<div class=\"elementor-widget-container\">\n\t\t\t\t\t\t\t<div class=\"elementor-spacer\">\n\t\t\t<div class=\"elementor-spacer-inner\"><\/div>\n\t\t<\/div>\n\t\t\t\t\t\t<\/div>\n\t\t\t\t<\/div>\n\t\t\t\t\t<\/div>\n\t\t<\/div>\n\t\t\t\t\t<\/div>\n\t\t<\/section>\n\t\t\t\t<\/div>","protected":false},"excerpt":{"rendered":"<p>Vision Wir sind eine im Bau- und Baudienstleistungsbereich t\u00e4tige Unternehmensgruppe. Seit 1923 schreiben wir an unserer Erfolgsgeschichte, die auf hohen Massst\u00e4ben, \u00fcberzeugenden Mehrwerten und begeisterten Mitarbeitenden beruht. Massst\u00e4be Wir sind breit aufgestellt Wir entwickeln f\u00fcr unsere Kunden passende, zuverl\u00e4ssige und wirtschaftliche L\u00f6sungen. Dazu haben wir uns auf die folgenden wachstumsstarken Bereiche spezialisiert, um die hohen [&hellip;]<\/p>\n","protected":false},"author":1,"featured_media":10671,"parent":0,"menu_order":0,"comment_status":"closed","ping_status":"closed","template":"","meta":{"_acf_changed":false,"footnotes":""},"class_list":["post-10638","page","type-page","status-publish","has-post-thumbnail","hentry"],"acf":[],"_links":{"self":[{"href":"https:\/\/www.weissappetito.com\/fr\/wp-json\/wp\/v2\/pages\/10638","targetHints":{"allow":["GET"]}}],"collection":[{"href":"https:\/\/www.weissappetito.com\/fr\/wp-json\/wp\/v2\/pages"}],"about":[{"href":"https:\/\/www.weissappetito.com\/fr\/wp-json\/wp\/v2\/types\/page"}],"author":[{"embeddable":true,"href":"https:\/\/www.weissappetito.com\/fr\/wp-json\/wp\/v2\/users\/1"}],"replies":[{"embeddable":true,"href":"https:\/\/www.weissappetito.com\/fr\/wp-json\/wp\/v2\/comments?post=10638"}],"version-history":[{"count":0,"href":"https:\/\/www.weissappetito.com\/fr\/wp-json\/wp\/v2\/pages\/10638\/revisions"}],"wp:featuredmedia":[{"embeddable":true,"href":"https:\/\/www.weissappetito.com\/fr\/wp-json\/wp\/v2\/media\/10671"}],"wp:attachment":[{"href":"https:\/\/www.weissappetito.com\/fr\/wp-json\/wp\/v2\/media?parent=10638"}],"curies":[{"name":"wp","href":"https:\/\/api.w.org\/{rel}","templated":true}]}}