{"id":10638,"date":"2022-04-13T10:59:20","date_gmt":"2022-04-13T09:59:20","guid":{"rendered":"https:\/\/www.weissappetito.com\/?page_id=10638"},"modified":"2025-10-07T12:05:56","modified_gmt":"2025-10-07T11:05:56","slug":"vision","status":"publish","type":"page","link":"https:\/\/www.weissappetito.com\/it\/ueber-uns\/vision\/","title":{"rendered":"Visione"},"content":{"rendered":"<div data-elementor-type=\"wp-page\" data-elementor-id=\"10638\" class=\"elementor elementor-10638\" data-elementor-post-type=\"page\">\n\t\t\t\t\t\t<section data-dce-background-image-url=\"https:\/\/www.weissappetito.com\/wp-content\/uploads\/2022\/04\/PXL_20220413_121448111.MP_-scaled.jpg\" class=\"elementor-section elementor-top-section elementor-element elementor-element-e97010d elementor-section-height-min-height elementor-section-boxed elementor-section-height-default elementor-section-items-middle\" data-id=\"e97010d\" data-element_type=\"section\" data-e-type=\"section\" data-settings=\"{&quot;background_background&quot;:&quot;classic&quot;}\">\n\t\t\t\t\t\t<div class=\"elementor-container elementor-column-gap-default\">\n\t\t\t\t\t<div class=\"elementor-column elementor-col-50 elementor-top-column elementor-element elementor-element-cc70901 height100\" data-id=\"cc70901\" data-element_type=\"column\" data-e-type=\"column\">\n\t\t\t<div class=\"elementor-widget-wrap elementor-element-populated\">\n\t\t\t\t\t\t<div data-dce-text-color=\"#FFFFFF\" class=\"elementor-element elementor-element-33ea2e7 elementor-widget elementor-widget-breadcrumbs\" data-id=\"33ea2e7\" data-element_type=\"widget\" data-e-type=\"widget\" data-widget_type=\"breadcrumbs.default\">\n\t\t\t\t<div class=\"elementor-widget-container\">\n\t\t\t\t\t<nav aria-label=\"pangrattato\" class=\"rank-math-breadcrumb\"><p><span class=\"last\">Pagina iniziale<\/span><\/p><\/nav>\t\t\t\t<\/div>\n\t\t\t\t<\/div>\n\t\t\t\t\t<\/div>\n\t\t<\/div>\n\t\t\t\t<div class=\"elementor-column elementor-col-50 elementor-top-column elementor-element elementor-element-f3d615f\" data-id=\"f3d615f\" data-element_type=\"column\" data-e-type=\"column\">\n\t\t\t<div class=\"elementor-widget-wrap\">\n\t\t\t\t\t\t\t<\/div>\n\t\t<\/div>\n\t\t\t\t\t<\/div>\n\t\t<\/section>\n\t\t\t\t<section class=\"elementor-section elementor-top-section elementor-element elementor-element-0bc3bf0 elementor-section-boxed elementor-section-height-default elementor-section-height-default\" data-id=\"0bc3bf0\" data-element_type=\"section\" data-e-type=\"section\" data-settings=\"{&quot;background_background&quot;:&quot;classic&quot;}\">\n\t\t\t\t\t\t<div class=\"elementor-container elementor-column-gap-default\">\n\t\t\t\t\t<div data-dce-background-color=\"#FFFFFF\" class=\"elementor-column elementor-col-100 elementor-top-column elementor-element elementor-element-5370c57\" data-id=\"5370c57\" data-element_type=\"column\" data-e-type=\"column\" data-settings=\"{&quot;background_background&quot;:&quot;classic&quot;}\">\n\t\t\t<div class=\"elementor-widget-wrap elementor-element-populated\">\n\t\t\t\t\t\t<section data-dce-background-color=\"#FFFFFF\" class=\"elementor-section elementor-inner-section elementor-element elementor-element-9c29a6b elementor-section-full_width elementor-section-height-default elementor-section-height-default\" data-id=\"9c29a6b\" data-element_type=\"section\" data-e-type=\"section\" data-settings=\"{&quot;background_background&quot;:&quot;classic&quot;}\">\n\t\t\t\t\t\t<div class=\"elementor-container elementor-column-gap-wider\">\n\t\t\t\t\t<div class=\"elementor-column elementor-col-100 elementor-inner-column elementor-element elementor-element-ad841a1\" data-id=\"ad841a1\" data-element_type=\"column\" data-e-type=\"column\">\n\t\t\t<div class=\"elementor-widget-wrap elementor-element-populated\">\n\t\t\t\t\t\t<div class=\"elementor-element elementor-element-454de21 elementor-widget elementor-widget-heading\" data-id=\"454de21\" data-element_type=\"widget\" data-e-type=\"widget\" data-widget_type=\"heading.default\">\n\t\t\t\t<div class=\"elementor-widget-container\">\n\t\t\t\t\t<h1 class=\"elementor-heading-title elementor-size-default\">Visione<\/h1>\t\t\t\t<\/div>\n\t\t\t\t<\/div>\n\t\t\t\t<div data-dce-text-color=\"#000000\" class=\"elementor-element elementor-element-f999b95 elementor-widget elementor-widget-text-editor\" data-id=\"f999b95\" data-element_type=\"widget\" data-e-type=\"widget\" data-widget_type=\"text-editor.default\">\n\t\t\t\t<div class=\"elementor-widget-container\">\n\t\t\t\t\t\t\t\t\t<p>Siamo un Gruppo attivo nel campo dei servizi per l\u2019edilizia e le costruzioni. Abbiamo cominciato a scrivere la nostra storia di successo nel 1923 percorrendo una strada fatta di standard elevati, di valori aggiunti convincenti e della passione del nostro personale.<\/p>\t\t\t\t\t\t\t\t<\/div>\n\t\t\t\t<\/div>\n\t\t\t\t\t<\/div>\n\t\t<\/div>\n\t\t\t\t\t<\/div>\n\t\t<\/section>\n\t\t\t\t<section class=\"elementor-section elementor-inner-section elementor-element elementor-element-33ec413 elementor-section-boxed elementor-section-height-default elementor-section-height-default\" data-id=\"33ec413\" data-element_type=\"section\" data-e-type=\"section\">\n\t\t\t\t\t\t<div class=\"elementor-container elementor-column-gap-no\">\n\t\t\t\t\t<div class=\"elementor-column elementor-col-33 elementor-inner-column elementor-element elementor-element-876c685\" data-id=\"876c685\" data-element_type=\"column\" data-e-type=\"column\" data-settings=\"{&quot;background_background&quot;:&quot;classic&quot;}\">\n\t\t\t<div class=\"elementor-widget-wrap elementor-element-populated\">\n\t\t\t\t\t\t<div data-dce-title-color=\"#FFD401\" class=\"elementor-element elementor-element-4341fb8 elementor-widget elementor-widget-heading\" data-id=\"4341fb8\" data-element_type=\"widget\" data-e-type=\"widget\" data-widget_type=\"heading.default\">\n\t\t\t\t<div class=\"elementor-widget-container\">\n\t\t\t\t\t<h2 class=\"elementor-heading-title elementor-size-default\">Standard<\/h2>\t\t\t\t<\/div>\n\t\t\t\t<\/div>\n\t\t\t\t<div data-dce-text-color=\"#FFFFFF\" class=\"elementor-element elementor-element-238939b elementor-widget elementor-widget-text-editor\" data-id=\"238939b\" data-element_type=\"widget\" data-e-type=\"widget\" data-widget_type=\"text-editor.default\">\n\t\t\t\t<div class=\"elementor-widget-container\">\n\t\t\t\t\t\t\t\t\t<h5><strong>Pronti su tutto<\/strong><\/h5><p>Per i nostri clienti sviluppiamo soluzioni specifiche, affidabili ed economicamente vantaggiose. Per farlo ci siamo specializzati in settori in forte crescita in modo da riuscire a garantire gli standard elevati e ambiziosi richiesti dai nostri clienti.<\/p><ul><li>Risanamenti edili<\/li><li>Pavimenti+Rivestimenti<\/li><li>Energia+Ristrutturazioni<\/li><li>Josef Muff: Costruzione di tubazioni<\/li><li>Aspirazione+Soffiaggio<\/li><li>Centro tecnico<\/li><li>Telecomunicazioni<\/li><\/ul>\t\t\t\t\t\t\t\t<\/div>\n\t\t\t\t<\/div>\n\t\t\t\t\t<\/div>\n\t\t<\/div>\n\t\t\t\t<div class=\"elementor-column elementor-col-33 elementor-inner-column elementor-element elementor-element-ca688fe\" data-id=\"ca688fe\" data-element_type=\"column\" data-e-type=\"column\" data-settings=\"{&quot;background_background&quot;:&quot;classic&quot;}\">\n\t\t\t<div class=\"elementor-widget-wrap elementor-element-populated\">\n\t\t\t\t\t\t<div data-dce-title-color=\"#FFD401\" class=\"elementor-element elementor-element-9581088 elementor-widget elementor-widget-heading\" data-id=\"9581088\" data-element_type=\"widget\" data-e-type=\"widget\" data-widget_type=\"heading.default\">\n\t\t\t\t<div class=\"elementor-widget-container\">\n\t\t\t\t\t<h2 class=\"elementor-heading-title elementor-size-default\">Valori aggiunti<\/h2>\t\t\t\t<\/div>\n\t\t\t\t<\/div>\n\t\t\t\t<div data-dce-text-color=\"#FFFFFF\" class=\"elementor-element elementor-element-283f8ae elementor-widget elementor-widget-text-editor\" data-id=\"283f8ae\" data-element_type=\"widget\" data-e-type=\"widget\" data-widget_type=\"text-editor.default\">\n\t\t\t\t<div class=\"elementor-widget-container\">\n\t\t\t\t\t\t\t\t\t<h5><strong>Presentiamo soluzioni<\/strong><\/h5><div id=\"c28\" class=\"csc-default layout-102 floatgroup_1\"><div id=\"c28\"><div class=\"ce-textpic ce-right ce-intext\"><div class=\"ce-bodytext\"><p>Le nostre competenze fondamentali sono la consulenza, lo sviluppo e l\u2019attuazione di soluzioni complete. E creiamo valore aggiunto per i clienti, per il personale e per l\u2019ambiente. I marchi del Gruppo sono sinonimo di competenza, affidabilit\u00e0 e sostenibilit\u00e0. Nei segmenti di competenza vogliamo essere leader di mercato.<\/p><\/div><\/div><\/div><\/div>\t\t\t\t\t\t\t\t<\/div>\n\t\t\t\t<\/div>\n\t\t\t\t\t<\/div>\n\t\t<\/div>\n\t\t\t\t<div class=\"elementor-column elementor-col-33 elementor-inner-column elementor-element elementor-element-e4596ff\" data-id=\"e4596ff\" data-element_type=\"column\" data-e-type=\"column\" data-settings=\"{&quot;background_background&quot;:&quot;classic&quot;}\">\n\t\t\t<div class=\"elementor-widget-wrap elementor-element-populated\">\n\t\t\t\t\t\t<div data-dce-title-color=\"#FFD401\" class=\"elementor-element elementor-element-99adc69 elementor-widget elementor-widget-heading\" data-id=\"99adc69\" data-element_type=\"widget\" data-e-type=\"widget\" data-widget_type=\"heading.default\">\n\t\t\t\t<div class=\"elementor-widget-container\">\n\t\t\t\t\t<h2 class=\"elementor-heading-title elementor-size-default\">Persone<\/h2>\t\t\t\t<\/div>\n\t\t\t\t<\/div>\n\t\t\t\t<div data-dce-text-color=\"#FFFFFF\" class=\"elementor-element elementor-element-10032ad elementor-widget elementor-widget-text-editor\" data-id=\"10032ad\" data-element_type=\"widget\" data-e-type=\"widget\" data-widget_type=\"text-editor.default\">\n\t\t\t\t<div class=\"elementor-widget-container\">\n\t\t\t\t\t\t\t\t\t<h5><strong>Garantiamo qualit\u00e0<\/strong><\/h5><div class=\"isfloatgroup levelLine\"><div id=\"c29\" class=\"csc-default layout-102 floatgroup_1 third\"><div id=\"c29\"><div class=\"ce-textpic ce-right ce-intext\"><div class=\"ce-bodytext\"><p>Con noi lavorano circa 600 persone, in Svizzera e all\u2019estero. Il Gruppo Weiss+Appetito \u00e8 per la maggioranza di propriet\u00e0 dei dirigenti e dei collaboratori. I vari settori operano con grande autonomia e responsabilit\u00e0 puntando sempre a consegnare progetti puntualissimi e tecnicamente ineccepibili.<\/p><\/div><\/div><\/div><\/div><\/div>\t\t\t\t\t\t\t\t<\/div>\n\t\t\t\t<\/div>\n\t\t\t\t\t<\/div>\n\t\t<\/div>\n\t\t\t\t\t<\/div>\n\t\t<\/section>\n\t\t\t\t<div class=\"elementor-element elementor-element-8e96a63 elementor-widget elementor-widget-spacer\" data-id=\"8e96a63\" data-element_type=\"widget\" data-e-type=\"widget\" data-widget_type=\"spacer.default\">\n\t\t\t\t<div class=\"elementor-widget-container\">\n\t\t\t\t\t\t\t<div class=\"elementor-spacer\">\n\t\t\t<div class=\"elementor-spacer-inner\"><\/div>\n\t\t<\/div>\n\t\t\t\t\t\t<\/div>\n\t\t\t\t<\/div>\n\t\t\t\t<div data-dce-text-color=\"#000000\" class=\"elementor-element elementor-element-a42aade elementor-widget elementor-widget-text-editor\" data-id=\"a42aade\" data-element_type=\"widget\" data-e-type=\"widget\" data-widget_type=\"text-editor.default\">\n\t\t\t\t<div class=\"elementor-widget-container\">\n\t\t\t\t\t\t\t\t\t<p>Realizziamo la nostra mission con grande passione. Ogni progetto inizia con entusiasmo. Ed \u00e8 su questo che si basa il nostro modello. \u00a0<\/p>\t\t\t\t\t\t\t\t<\/div>\n\t\t\t\t<\/div>\n\t\t\t\t<div class=\"elementor-element elementor-element-1ccfbb4 elementor-widget elementor-widget-spacer\" data-id=\"1ccfbb4\" data-element_type=\"widget\" data-e-type=\"widget\" data-widget_type=\"spacer.default\">\n\t\t\t\t<div class=\"elementor-widget-container\">\n\t\t\t\t\t\t\t<div class=\"elementor-spacer\">\n\t\t\t<div class=\"elementor-spacer-inner\"><\/div>\n\t\t<\/div>\n\t\t\t\t\t\t<\/div>\n\t\t\t\t<\/div>\n\t\t\t\t<div class=\"elementor-element elementor-element-525bda6 elementor-widget elementor-widget-image\" data-id=\"525bda6\" data-element_type=\"widget\" data-e-type=\"widget\" data-widget_type=\"image.default\">\n\t\t\t\t<div class=\"elementor-widget-container\">\n\t\t\t\t\t\t\t\t\t\t\t\t\t\t\t<img fetchpriority=\"high\" decoding=\"async\" width=\"699\" height=\"700\" src=\"https:\/\/www.weissappetito.com\/wp-content\/uploads\/2022\/05\/2018_Leitbild_W_A_V010.png\" class=\"attachment-1536x1536 size-1536x1536 wp-image-11891\" alt=\"\" srcset=\"https:\/\/www.weissappetito.com\/wp-content\/uploads\/2022\/05\/2018_Leitbild_W_A_V010.png 699w, https:\/\/www.weissappetito.com\/wp-content\/uploads\/2022\/05\/2018_Leitbild_W_A_V010-300x300.png 300w, https:\/\/www.weissappetito.com\/wp-content\/uploads\/2022\/05\/2018_Leitbild_W_A_V010-600x600.png 600w, https:\/\/www.weissappetito.com\/wp-content\/uploads\/2022\/05\/2018_Leitbild_W_A_V010-150x150.png 150w, https:\/\/www.weissappetito.com\/wp-content\/uploads\/2022\/05\/2018_Leitbild_W_A_V010-12x12.png 12w\" sizes=\"(max-width: 699px) 100vw, 699px\" \/>\t\t\t\t\t\t\t\t\t\t\t\t\t\t\t<\/div>\n\t\t\t\t<\/div>\n\t\t\t\t<div class=\"elementor-element elementor-element-8e43c23 elementor-widget elementor-widget-spacer\" data-id=\"8e43c23\" data-element_type=\"widget\" data-e-type=\"widget\" data-widget_type=\"spacer.default\">\n\t\t\t\t<div class=\"elementor-widget-container\">\n\t\t\t\t\t\t\t<div class=\"elementor-spacer\">\n\t\t\t<div class=\"elementor-spacer-inner\"><\/div>\n\t\t<\/div>\n\t\t\t\t\t\t<\/div>\n\t\t\t\t<\/div>\n\t\t\t\t\t<\/div>\n\t\t<\/div>\n\t\t\t\t\t<\/div>\n\t\t<\/section>\n\t\t\t\t<section class=\"elementor-section elementor-top-section elementor-element elementor-element-218f7c1 elementor-section-boxed elementor-section-height-default elementor-section-height-default\" data-id=\"218f7c1\" data-element_type=\"section\" data-e-type=\"section\" id=\"angebot\">\n\t\t\t\t\t\t<div class=\"elementor-container elementor-column-gap-default\">\n\t\t\t\t\t<div class=\"elementor-column elementor-col-100 elementor-top-column elementor-element elementor-element-644355c\" data-id=\"644355c\" data-element_type=\"column\" data-e-type=\"column\">\n\t\t\t<div class=\"elementor-widget-wrap elementor-element-populated\">\n\t\t\t\t\t\t<div class=\"elementor-element elementor-element-015a2e8 elementor-widget elementor-widget-spacer\" data-id=\"015a2e8\" data-element_type=\"widget\" data-e-type=\"widget\" data-widget_type=\"spacer.default\">\n\t\t\t\t<div class=\"elementor-widget-container\">\n\t\t\t\t\t\t\t<div class=\"elementor-spacer\">\n\t\t\t<div class=\"elementor-spacer-inner\"><\/div>\n\t\t<\/div>\n\t\t\t\t\t\t<\/div>\n\t\t\t\t<\/div>\n\t\t\t\t\t<\/div>\n\t\t<\/div>\n\t\t\t\t\t<\/div>\n\t\t<\/section>\n\t\t\t\t<\/div>","protected":false},"excerpt":{"rendered":"<p>Vision Wir sind eine im Bau- und Baudienstleistungsbereich t\u00e4tige Unternehmensgruppe. Seit 1923 schreiben wir an unserer Erfolgsgeschichte, die auf hohen Massst\u00e4ben, \u00fcberzeugenden Mehrwerten und begeisterten Mitarbeitenden beruht. Massst\u00e4be Wir sind breit aufgestellt Wir entwickeln f\u00fcr unsere Kunden passende, zuverl\u00e4ssige und wirtschaftliche L\u00f6sungen. Dazu haben wir uns auf die folgenden wachstumsstarken Bereiche spezialisiert, um die hohen [&hellip;]<\/p>\n","protected":false},"author":1,"featured_media":10671,"parent":0,"menu_order":0,"comment_status":"closed","ping_status":"closed","template":"","meta":{"_acf_changed":false,"footnotes":""},"class_list":["post-10638","page","type-page","status-publish","has-post-thumbnail","hentry"],"acf":[],"_links":{"self":[{"href":"https:\/\/www.weissappetito.com\/it\/wp-json\/wp\/v2\/pages\/10638","targetHints":{"allow":["GET"]}}],"collection":[{"href":"https:\/\/www.weissappetito.com\/it\/wp-json\/wp\/v2\/pages"}],"about":[{"href":"https:\/\/www.weissappetito.com\/it\/wp-json\/wp\/v2\/types\/page"}],"author":[{"embeddable":true,"href":"https:\/\/www.weissappetito.com\/it\/wp-json\/wp\/v2\/users\/1"}],"replies":[{"embeddable":true,"href":"https:\/\/www.weissappetito.com\/it\/wp-json\/wp\/v2\/comments?post=10638"}],"version-history":[{"count":0,"href":"https:\/\/www.weissappetito.com\/it\/wp-json\/wp\/v2\/pages\/10638\/revisions"}],"wp:featuredmedia":[{"embeddable":true,"href":"https:\/\/www.weissappetito.com\/it\/wp-json\/wp\/v2\/media\/10671"}],"wp:attachment":[{"href":"https:\/\/www.weissappetito.com\/it\/wp-json\/wp\/v2\/media?parent=10638"}],"curies":[{"name":"wp","href":"https:\/\/api.w.org\/{rel}","templated":true}]}}